{"id":2612,"date":"2025-03-29T02:53:31","date_gmt":"2025-03-29T02:53:31","guid":{"rendered":"https:\/\/strategycb.com\/wordpress\/?page_id=2612"},"modified":"2025-08-07T00:29:00","modified_gmt":"2025-08-07T00:29:00","slug":"presencia-global","status":"publish","type":"page","link":"https:\/\/strategycb.com\/en\/presencia-global\/","title":{"rendered":"Global Presence"},"content":{"rendered":"\n<div class=\"wp-block-stackable-columns alignfull stk-block-columns stk-block stk-89f74e6 stk-block-background stk--has-background-overlay\" data-block-id=\"89f74e6\"><style>.stk-89f74e6 {background-color:var(--ast-global-color-3) !important;background-image:url(https:\/\/strategycb.com\/wp-content\/uploads\/2025\/03\/pexels-vividcafe-681335-scaled.jpg) !important;min-height:70vh !important;align-items:center !important;padding-top:0px !important;padding-right:0px !important;padding-bottom:0px !important;padding-left:0px !important;margin-bottom:100px !important;display:flex !important;}.stk-89f74e6:before{background-color:var(--ast-global-color-3) !important;opacity:0.5 !important;}@media screen and (max-width: 1023px){.stk-89f74e6 {margin-bottom:0px !important;}}<\/style><div class=\"stk-row stk-inner-blocks stk-block-content stk-content-align stk-89f74e6-column alignfull\">\n<div class=\"wp-block-stackable-column stk-block-column stk-column stk-block stk-c7f90e7\" data-v=\"4\" data-block-id=\"c7f90e7\"><div class=\"stk-column-wrapper stk-block-column__content stk-container stk-c7f90e7-container stk--no-background stk--no-padding\"><div class=\"stk-block-content stk-inner-blocks stk-c7f90e7-inner-blocks\">\n<div class=\"wp-block-stackable-heading stk-block-heading stk-block-heading--v2 stk-block stk-a0e908a h1-header\" id=\"presencia-global\" data-block-id=\"a0e908a\"><style>.stk-a0e908a {margin-right:55px !important;margin-left:75px !important;}.stk-a0e908a .stk-block-heading__text{font-size:70px !important;color:var(--ast-global-color-4) !important;line-height:1.2em !important;}@media screen and (max-width: 1023px){.stk-a0e908a {margin-right:45px !important;margin-left:45px !important;}.stk-a0e908a .stk-block-heading__text{font-size:50px !important;}}@media screen and (max-width: 767px){.stk-a0e908a {margin-right:45px !important;margin-left:45px !important;}}<\/style><h1 class=\"stk-block-heading__text has-text-color\">Presencia Global<\/h1><\/div>\n<\/div><\/div><\/div>\n<\/div><\/div>\n\n\n\n<div class=\"wp-block-stackable-columns stk-block-columns stk-block stk-95c4ce9\" data-block-id=\"95c4ce9\"><style>.stk-95c4ce9 {margin-top:100px !important;margin-right:55px !important;margin-bottom:100px !important;margin-left:55px !important;}@media screen and (max-width: 1023px){.stk-95c4ce9 {margin-top:50px !important;margin-right:25px !important;margin-bottom:50px !important;margin-left:25px !important;}}<\/style><div class=\"stk-row stk-inner-blocks stk-block-content stk-content-align stk-95c4ce9-column\">\n<div class=\"wp-block-stackable-column stk-block-column stk-column stk-block stk-54675bc\" data-v=\"4\" data-block-id=\"54675bc\"><style>@media screen and (min-width: 768px){.stk-54675bc {flex:var(--stk-flex-grow, 1) 1 calc(33.33400000000002% - var(--stk-column-gap, 0px) * 1 \/ 2 ) !important;}}@media screen and (max-width: 767px){.stk-54675bc {margin-bottom:25px !important;}}<\/style><div class=\"stk-column-wrapper stk-block-column__content stk-container stk-54675bc-container stk--no-background stk--no-padding\"><div class=\"stk-block-content stk-inner-blocks stk-54675bc-inner-blocks\">\n<div class=\"wp-block-stackable-heading stk-block-heading stk-block-heading--v2 stk-block stk-22cd541\" id=\"entendemos-las-consideraciones-fiscales-unicas-los-marcos-regulatorios-y-las-practicas-comerciales-de-estos-paises-lo-que-nos-permite-ofrecer-planificacion-fiscal-personalizada-estrategias-de-cumplimiento-y-soluciones-de-precios-de-transferencia\" data-block-id=\"22cd541\"><style>.stk-22cd541 .stk-block-heading__text{color:var(--ast-global-color-0) !important;line-height:1.2em !important;}@media screen and (max-width: 1023px){.stk-22cd541 {margin-left:0px !important;}}<\/style><h2 class=\"stk-block-heading__text has-text-color\">Entendemos las consideraciones fiscales \u00fanicas, los marcos regulatorios y las pr\u00e1cticas comerciales de estos pa\u00edses, lo que nos permite ofrecer planificaci\u00f3n fiscal personalizada, estrategias de cumplimiento y soluciones de precios de transferencia.<\/h2><\/div>\n<\/div><\/div><\/div>\n\n\n\n<div class=\"wp-block-stackable-column stk-block-column stk-column stk-block stk-7bb37fe\" data-v=\"4\" data-block-id=\"7bb37fe\"><style>.stk-7bb37fe {margin-left:53px !important;}@media screen and (min-width: 768px){.stk-7bb37fe {flex:var(--stk-flex-grow, 1) 1 calc(66.666% - var(--stk-column-gap, 0px) * 1 \/ 2 ) !important;}}@media screen and (max-width: 1023px){.stk-7bb37fe {margin-left:0px !important;}}<\/style><div class=\"stk-column-wrapper stk-block-column__content stk-container stk-7bb37fe-container stk--no-background stk--no-padding\"><div class=\"stk-block-content stk-inner-blocks stk-7bb37fe-inner-blocks\">\n<div class=\"wp-block-stackable-text stk-block-text stk-block stk-afd5973\" data-block-id=\"afd5973\"><p class=\"stk-block-text__text\">Nuestro Oficina Asi\u00e1tica se especializa en apoyar a empresas de China, Jap\u00f3n y Corea, gui\u00e1ndolas a trav\u00e9s de las complejidades de expandirse en los mercados de M\u00e9xico y Am\u00e9rica Latina. Entendemos las consideraciones fiscales \u00fanicas, los marcos regulatorios y las pr\u00e1cticas comerciales de estos pa\u00edses, lo que nos permite ofrecer planificaci\u00f3n fiscal personalizada, estrategias de cumplimiento y soluciones de precios de transferencia.<br><br>Nuestra Oficina Norteamericana est\u00e1 dise\u00f1ado para apoyar a las empresas de Estados Unidos y Canad\u00e1 en la navegaci\u00f3n de los complejos paisajes fiscales de M\u00e9xico y Am\u00e9rica Latina. Nos especializamos en planificaci\u00f3n fiscal transfronteriza, cumplimiento del T-MEC\/USMCA y estrategias de precios de transferencia que optimizan el desempe\u00f1o financiero y minimizan las responsabilidades fiscales. Nuestros profesionales experimentados est\u00e1n bien versados en los requisitos regulatorios de ambas regiones, lo que nos permite proporcionar asesor\u00eda estrat\u00e9gica que mejora la eficiencia operativa y la ventaja competitiva.<br><br>Nuestra Oficina de Latinoam\u00e9rica se centra en ayudar a empresas de toda Am\u00e9rica Latina que buscan expandirse dentro de la regi\u00f3n o ingresar a mercados globales. Brindamos asesor\u00eda fiscal estrat\u00e9gica que aborda las complejidades regionales, incluidos los incentivos fiscales locales, las regulaciones del IVA y los acuerdos comerciales internacionales. El profundo entendimiento de los sistemas fiscales de Am\u00e9rica Latina y las din\u00e1micas culturales de nuestro equipo internacional nos permite desarrollar soluciones personalizadas que se alineen con los objetivos estrat\u00e9gicos de cada cliente.<br><br>Nuestra Oficina Europea est\u00e1 dedicado a apoyar a las empresas europeas que buscan invertir o expandirse en M\u00e9xico y Am\u00e9rica Latina. Nos especializamos en planificaci\u00f3n fiscal internacional, cumplimiento normativo y asesor\u00eda transfronteriza, asegurando una entrada al mercado y una integraci\u00f3n operativa sin problemas. Nuestro equipo est\u00e1 bien versado en las regulaciones fiscales de la UE, los tratados para evitar la doble tributaci\u00f3n y los requisitos de cumplimiento local, lo que nos permite proporcionar soluciones integrales que minimizan riesgos y maximizan la ventaja estrat\u00e9gica.<br><br>En CB Strategy, creemos que el alcance global requiere experiencia local. Nuestros escritorios internacionales est\u00e1n dise\u00f1ados estrat\u00e9gicamente para cerrar las brechas culturales y regulatorias, ofreciendo soluciones fiscales impactantes que permiten a las empresas expandirse con confianza y de manera estrat\u00e9gica.<\/p><\/div>\n<\/div><\/div><\/div>\n<\/div><\/div>\n\n\n\n<div class=\"wp-block-stackable-image alignfull stk-block-image stk-block stk-e3d364f\" data-block-id=\"e3d364f\"><style>.stk-e3d364f {margin-bottom:0px !important;}.stk-e3d364f .stk-img-wrapper{height:570px !important;}.stk-e3d364f .stk-img-wrapper img{object-position:57.99999999999999% 48% !important;}.stk-e3d364f .stk-img-wrapper::after{background-image:linear-gradient(159deg,rgba(0,0,0,0.19) 0%,rgb(0,0,0) 100%) !important;}:where(.stk-hover-parent:hover,  .stk-hover-parent.stk--is-hovered) .stk-e3d364f .stk-img-wrapper::after{background-image:linear-gradient(#000000B3 0%, #000000B3 100%) !important;}<\/style><figure><span class=\"stk-img-wrapper stk-image--shape-stretch stk-img--gradient-overlay\"><img loading=\"lazy\" decoding=\"async\" class=\"stk-img wp-image-1588\" src=\"https:\/\/strategycb.com\/wp-content\/uploads\/2025\/03\/coworkers-discussing-business-together-2024-10-11-23-52-00-utc-scaled.jpg\" width=\"2560\" height=\"1709\" srcset=\"https:\/\/strategycb.com\/wp-content\/uploads\/2025\/03\/coworkers-discussing-business-together-2024-10-11-23-52-00-utc-scaled.jpg 1618w, https:\/\/strategycb.com\/wp-content\/uploads\/2025\/03\/coworkers-discussing-business-together-2024-10-11-23-52-00-utc-300x200.jpg 300w, https:\/\/strategycb.com\/wp-content\/uploads\/2025\/03\/coworkers-discussing-business-together-2024-10-11-23-52-00-utc-1024x684.jpg 1024w, https:\/\/strategycb.com\/wp-content\/uploads\/2025\/03\/coworkers-discussing-business-together-2024-10-11-23-52-00-utc-768x513.jpg 768w, https:\/\/strategycb.com\/wp-content\/uploads\/2025\/03\/coworkers-discussing-business-together-2024-10-11-23-52-00-utc-1536x1025.jpg 1536w, https:\/\/strategycb.com\/wp-content\/uploads\/2025\/03\/coworkers-discussing-business-together-2024-10-11-23-52-00-utc-2048x1367.jpg 2048w\" sizes=\"auto, (max-width: 2560px) 100vw, 2560px\" \/><\/span><\/figure><\/div>\n\n\n\n<div class=\"wp-block-stackable-columns stk-block-columns stk-block stk-c1704f2\" data-block-id=\"c1704f2\"><style>.stk-c1704f2 {margin-top:50px !important;margin-right:55px !important;margin-bottom:50px !important;margin-left:55px !important;}@media screen and (max-width: 1023px){.stk-c1704f2 {margin-right:25px !important;margin-left:25px !important;}}@media screen and (max-width: 767px){.stk-c1704f2 {margin-right:15px !important;margin-left:15px !important;}}<\/style><div class=\"stk-row stk-inner-blocks stk-block-content stk-content-align stk-c1704f2-column\">\n<div class=\"wp-block-stackable-column stk-block-column stk-column stk-block stk-b9f6f24\" data-v=\"4\" data-block-id=\"b9f6f24\"><style>.stk-b9f6f24 {align-self:center !important;border-style:solid !important;border-color:var(--ast-global-color-3) !important;border-top-width:0px !important;border-right-width:1.5px !important;border-bottom-width:0px !important;border-left-width:0px !important;}@media screen and (min-width: 768px){.stk-b9f6f24 {flex:var(--stk-flex-grow, 1) 1 calc(29.099999999999994% - var(--stk-column-gap, 0px) * 1 \/ 2 ) !important;}}@media screen and (max-width: 767px){.stk-b9f6f24 {border-top-width:0px !important;border-right-width:0px !important;border-bottom-width:1px !important;border-left-width:0px !important;}}<\/style><div class=\"stk-column-wrapper stk-block-column__content stk-container stk-b9f6f24-container stk--no-background stk--no-padding\"><div class=\"stk-block-content stk-inner-blocks stk-b9f6f24-inner-blocks\">\n<div class=\"wp-block-stackable-heading stk-block-heading stk-block-heading--v2 stk-block stk-c28cb40\" id=\"unete-a-nuestra-comunidad-de-expertos-y-recibe-actualizaciones-constantes\" data-block-id=\"c28cb40\"><style>.stk-c28cb40 {max-width:384px !important;min-width:auto !important;}.stk-c28cb40 .stk-block-heading__text{color:var(--ast-global-color-0) !important;font-weight:400 !important;}@media screen and (max-width: 1023px){.stk-c28cb40 .stk-block-heading__text{font-size:24px !important;line-height:1.2em !important;}}@media screen and (max-width: 767px){.stk-c28cb40 .stk-block-heading__text{font-size:22px !important;}}<\/style><h3 class=\"stk-block-heading__text has-text-color has-text-align-left\">\u00danete a nuestra comunidad de expertos y recibe actualizaciones constantes.<\/h3><\/div>\n<\/div><\/div><\/div>\n\n\n\n<div class=\"wp-block-stackable-column stk-block-column stk-column stk-block stk-9dae93d\" data-v=\"4\" data-block-id=\"9dae93d\"><style>.stk-9dae93d {align-self:center !important;margin-left:100px !important;}.stk-9dae93d-inner-blocks{align-items:center !important;}@media screen and (min-width: 768px){.stk-9dae93d {flex:var(--stk-flex-grow, 1) 1 calc(70.9% - var(--stk-column-gap, 0px) * 1 \/ 2 ) !important;}}@media screen and (max-width: 1023px){.stk-9dae93d {margin-left:0px !important;}}@media screen and (max-width: 767px){.stk-9dae93d-inner-blocks{align-items:center !important;}.stk-9dae93d {margin-left:0px !important;}}<\/style><div class=\"stk-column-wrapper stk-block-column__content stk-container stk-9dae93d-container stk--no-background stk--no-padding\"><div class=\"has-text-align-left has-text-align-left-mobile stk--column-flex stk-block-content stk-inner-blocks stk-9dae93d-inner-blocks\">\n<div class=\"wp-block-stackable-text stk-block-text stk-block stk-1cd7148\" id=\"mantente-al-dia-con-las-ultimas-actualizaciones-fiscales-ingresa-tu-email-y-suscribete-a-nuestro-newsletter-para-visualizar-las-ultimas-noticias-y-acceder-a-las-opiniones-y-recomendaciones-de-nuestros-expertos\" data-block-id=\"1cd7148\"><style>.stk-1cd7148 {align-items:center !important;max-width:90% !important;min-width:auto !important;margin-right:auto !important;margin-left:0px !important;display:flex !important;}.stk-1cd7148 .stk-block-text__text{color:var(--ast-global-color-3) !important;font-weight:100 !important;}<\/style><p class=\"stk-block-text__text has-text-color has-text-align-left\">Mantente al d\u00eda con las \u00faltimas actualizaciones fiscales. Ingresa tu email y suscr\u00edbete a nuestro newsletter para visualizar las \u00faltimas noticias y acceder a las opiniones y recomendaciones de nuestros expertos. <\/p><\/div>\n\n\n\n<div class=\"wp-block-stackable-columns alignfull stk-block-columns stk-block stk-5689a29\" data-block-id=\"5689a29\"><div class=\"stk-row stk-inner-blocks has-text-align-center stk-block-content stk-content-align stk-5689a29-column alignfull\">\n<div class=\"wp-block-stackable-column stk-block-column stk-column stk-block stk-0d02742\" data-v=\"4\" data-block-id=\"0d02742\"><style>.stk-0d02742 {align-self:center !important;}.stk-0d02742-inner-blocks{align-items:flex-start !important;}<\/style><div class=\"stk-column-wrapper stk-block-column__content stk-container stk-0d02742-container stk--no-background stk--no-padding\"><div class=\"has-text-align-center stk--column-flex stk-block-content stk-inner-blocks stk-0d02742-inner-blocks\"><div id=\"mc_embed_shell\">\r\n  <style type=\"text\/css\">\r\n    .newsletter-form {\r\n      display: flex;\r\n      align-items: center;\r\n      padding: 5px;\r\n      width: 100%;\r\n    }\r\n\r\n    .newsletter-form input {\r\n      flex: 1;\r\n      border: none;\r\n      outline: none;\r\n box-shadow: none;\r\n      font-size: 20px;\r\n      padding: 8px;\r\n      background: transparent !important;\r\n      border-bottom: 1px solid #000;\r\n      box-shadow: none;\r\n    }\r\n .newsletter-form input:focus {\r\n    outline: none!important;\r\n \tbox-shadow: none;\r\n\r\n}\r\n    .newsletter-form button {\r\n      background: none !important;\r\n      border: none !important;\r\n      box-shadow: none;\r\n      color: #0255FF;\r\n      font-size: 20px!important;\r\n      cursor: pointer;\r\n      font-weight: 600;\r\n    }\r\n.newsletter-form button:hover {\r\n  font-weight:bold!important;\r\n  text-decoration: none !important; \r\n}\r\n\r\n    .response {\r\n      margin-top: 10px;\r\n      font-size: 16px;\r\n      display: none;\r\n      padding: 10px;\r\n      border-radius: 5px;\r\n    }\r\n\r\n    #mce-success-response {\r\n      background-color: #d4edda;\r\n      color: #155724;\r\n      border: 1px solid #c3e6cb;\r\n    }\r\n\r\n    #mce-error-response {\r\n      background-color: #f8d7da;\r\n      color: #721c24;\r\n      border: 1px solid #f5c6cb;\r\n    }\r\n  <\/style>\r\n\r\n  <div id=\"mc_embed_signup\">\r\n    <form class=\"newsletter-form\" action=\"https:\/\/strategycb.us11.list-manage.com\/subscribe\/post?u=efdf898188e646d4da69ae54b&amp;id=958a93f50f&amp;f_id=00ea91e0f0\" method=\"post\" id=\"mc-embedded-subscribe-form\" name=\"mc-embedded-subscribe-form\" class=\"validate\" target=\"_blank\" novalidate>\r\n      <input type=\"email\" name=\"EMAIL\" placeholder=\"Correo Electr\u00f3nico\" required>\r\n      <button type=\"submit\" style=\"display: flex; align-items: center; gap: 8px; border: none; background: none; cursor: pointer; font-size: 32px;\">\r\n        Enviar\r\n        <svg class=\"ugb-custom-icon\" id=\"Layer_1-16564\" data-name=\"Layer 1\" xmlns=\"http:\/\/www.w3.org\/2000\/svg\" viewBox=\"0 0 2048 2048\" aria-hidden=\"true\" width=\"32\" height=\"32\">\r\n          <defs>\r\n            <style>\r\n              .cls-1 { fill: #0255FF; }\r\n            <\/style>\r\n          <\/defs>\r\n          <rect class=\"cls-1\" x=\"564.32\" y=\"949.13\" width=\"761.48\" height=\"74.09\"><\/rect>\r\n          <polygon class=\"cls-1\" points=\"990.16 1412.6 938.27 1359.73 1318.85 986.18 940.19 614.71 992.07 561.84 1424.63 986.18 990.16 1412.6\"><\/polygon>\r\n        <\/svg>\r\n      <\/button>\r\n\r\n      <div id=\"mce-responses\" class=\"clear foot\">\r\n        <div class=\"response\" id=\"mce-error-response\"><\/div>\r\n        <div class=\"response\" id=\"mce-success-response\"><\/div>\r\n      <\/div>\r\n    <\/form>\r\n  <\/div>\r\n\r\n  <script type=\"text\/javascript\" src=\"\/\/s3.amazonaws.com\/downloads.mailchimp.com\/js\/mc-validate.js\"><\/script>\r\n  <script type=\"text\/javascript\">\r\n    (function ($) {\r\n      window.fnames = new Array();\r\n      window.ftypes = new Array();\r\n      fnames[0] = 'EMAIL';\r\n      ftypes[0] = 'email';\r\n    })(jQuery);\r\n\r\n    var $mcj = jQuery.noConflict(true);\r\n  <\/script>\r\n<\/div>\n<\/div><\/div><\/div>\n<\/div><\/div>\n<\/div><\/div><\/div>\n<\/div><\/div>\n","protected":false},"excerpt":{"rendered":"<p>Presencia Global Entendemos las consideraciones fiscales \u00fanicas, los marcos regulatorios y las pr\u00e1cticas comerciales de estos pa\u00edses, lo que nos permite ofrecer planificaci\u00f3n fiscal personalizada, estrategias de cumplimiento y soluciones de precios de transferencia. Nuestro Oficina Asi\u00e1tica se especializa en apoyar a empresas de China, Jap\u00f3n y Corea, gui\u00e1ndolas a trav\u00e9s de las complejidades de [&hellip;]<\/p>\n","protected":false},"author":2,"featured_media":0,"parent":0,"menu_order":0,"comment_status":"closed","ping_status":"closed","template":"","meta":{"site-sidebar-layout":"default","site-content-layout":"","ast-site-content-layout":"","site-content-style":"default","site-sidebar-style":"default","ast-global-header-display":"","ast-banner-title-visibility":"","ast-main-header-display":"","ast-hfb-above-header-display":"","ast-hfb-below-header-display":"","ast-hfb-mobile-header-display":"","site-post-title":"disabled","ast-breadcrumbs-content":"","ast-featured-img":"","footer-sml-layout":"","ast-disable-related-posts":"","theme-transparent-header-meta":"","adv-header-id-meta":"","stick-header-meta":"","header-above-stick-meta":"","header-main-stick-meta":"","header-below-stick-meta":"","astra-migrate-meta-layouts":"default","ast-page-background-enabled":"default","ast-page-background-meta":{"desktop":{"background-color":"var(--ast-global-color-5)","background-image":"","background-repeat":"repeat","background-position":"center center","background-size":"auto","background-attachment":"scroll","background-type":"","background-media":"","overlay-type":"","overlay-color":"","overlay-opacity":"","overlay-gradient":""},"tablet":{"background-color":"","background-image":"","background-repeat":"repeat","background-position":"center center","background-size":"auto","background-attachment":"scroll","background-type":"","background-media":"","overlay-type":"","overlay-color":"","overlay-opacity":"","overlay-gradient":""},"mobile":{"background-color":"","background-image":"","background-repeat":"repeat","background-position":"center center","background-size":"auto","background-attachment":"scroll","background-type":"","background-media":"","overlay-type":"","overlay-color":"","overlay-opacity":"","overlay-gradient":""}},"ast-content-background-meta":{"desktop":{"background-color":"var(--ast-global-color-4)","background-image":"","background-repeat":"repeat","background-position":"center center","background-size":"auto","background-attachment":"scroll","background-type":"","background-media":"","overlay-type":"","overlay-color":"","overlay-opacity":"","overlay-gradient":""},"tablet":{"background-color":"var(--ast-global-color-4)","background-image":"","background-repeat":"repeat","background-position":"center center","background-size":"auto","background-attachment":"scroll","background-type":"","background-media":"","overlay-type":"","overlay-color":"","overlay-opacity":"","overlay-gradient":""},"mobile":{"background-color":"var(--ast-global-color-4)","background-image":"","background-repeat":"repeat","background-position":"center center","background-size":"auto","background-attachment":"scroll","background-type":"","background-media":"","overlay-type":"","overlay-color":"","overlay-opacity":"","overlay-gradient":""}},"footnotes":""},"class_list":["post-2612","page","type-page","status-publish","hentry"],"_links":{"self":[{"href":"https:\/\/strategycb.com\/en\/wp-json\/wp\/v2\/pages\/2612","targetHints":{"allow":["GET"]}}],"collection":[{"href":"https:\/\/strategycb.com\/en\/wp-json\/wp\/v2\/pages"}],"about":[{"href":"https:\/\/strategycb.com\/en\/wp-json\/wp\/v2\/types\/page"}],"author":[{"embeddable":true,"href":"https:\/\/strategycb.com\/en\/wp-json\/wp\/v2\/users\/2"}],"replies":[{"embeddable":true,"href":"https:\/\/strategycb.com\/en\/wp-json\/wp\/v2\/comments?post=2612"}],"version-history":[{"count":18,"href":"https:\/\/strategycb.com\/en\/wp-json\/wp\/v2\/pages\/2612\/revisions"}],"predecessor-version":[{"id":7756,"href":"https:\/\/strategycb.com\/en\/wp-json\/wp\/v2\/pages\/2612\/revisions\/7756"}],"wp:attachment":[{"href":"https:\/\/strategycb.com\/en\/wp-json\/wp\/v2\/media?parent=2612"}],"curies":[{"name":"wp","href":"https:\/\/api.w.org\/{rel}","templated":true}]}}